{"id":36,"date":"2024-01-01T12:00:00","date_gmt":"2024-01-01T11:00:00","guid":{"rendered":"https:\/\/athenior.eu\/?page_id=36"},"modified":"2026-04-18T12:16:55","modified_gmt":"2026-04-18T10:16:55","slug":"mentions-legales","status":"publish","type":"page","link":"https:\/\/athenior.eu\/?page_id=36","title":{"rendered":"Mentions l\u00e9gales"},"content":{"rendered":"\n<h2 class=\"wp-block-heading\">\u00c9diteur du site<\/h2>\n\n\n\n<p>Ce site est \u00e9dit\u00e9 par :<\/p>\n\n\n\n<p><strong>Athenior<\/strong>\u00a0\u2014 Soci\u00e9t\u00e9 par actions simplifi\u00e9e<br>Si\u00e8ge social : 3 sente Louis de Fun\u00e8s, 27200 Vernon<br>SIRET : 845 023 506 00015<br>RCS : 845 023 506 R.C.S. Evreux<br>Capital social : 500,00 \u20ac<br>TVA intracommunautaire : FR71845023506<\/p>\n\n\n\n<h2 class=\"wp-block-heading\">H\u00e9bergement<\/h2>\n\n\n\n<p>Le site est h\u00e9berg\u00e9 par :<\/p>\n\n\n\n<p>OVH<br>2 rue Kellermann &#8211; 59100 Roubaix &#8211; France<br><a href=\"https:\/\/www.ovhcloud.com\">www.ovhcloud.com<\/a><\/p>\n\n\n\n<h2 class=\"wp-block-heading\">Propri\u00e9t\u00e9 intellectuelle<\/h2>\n\n\n\n<p>L&#8217;ensemble des contenus pr\u00e9sents sur ce site (textes, images, graphismes, logo, ic\u00f4nes, \u00e9l\u00e9ments d&#8217;interface) est la propri\u00e9t\u00e9 exclusive d&#8217;Athenior ou de ses partenaires, sauf mention contraire. Toute reproduction, repr\u00e9sentation, modification ou exploitation, totale ou partielle, sans l&#8217;autorisation \u00e9crite pr\u00e9alable d&#8217;Athenior est strictement interdite et constituerait une contrefa\u00e7on sanctionn\u00e9e par le Code de la propri\u00e9t\u00e9 intellectuelle.<\/p>\n\n\n\n<p>La marque \u00ab Athenior \u00bb et son logo sont la propri\u00e9t\u00e9 d&#8217;Athenior. Leur usage sans autorisation est prohib\u00e9.<\/p>\n\n\n\n<h2 class=\"wp-block-heading\">Liens externes<\/h2>\n\n\n\n<p>Ce site peut contenir des liens vers des sites tiers. Athenior n&#8217;exerce aucun contr\u00f4le sur ces sites et d\u00e9cline toute responsabilit\u00e9 quant \u00e0 leur contenu ou \u00e0 l&#8217;usage qui pourrait en \u00eatre fait.<\/p>\n\n\n\n<h2 class=\"wp-block-heading\">Responsabilit\u00e9<\/h2>\n\n\n\n<p>Les informations diffus\u00e9es sur ce site sont fournies \u00e0 titre indicatif. Athenior s&#8217;efforce d&#8217;en assurer l&#8217;exactitude et la mise \u00e0 jour, sans pouvoir garantir leur exhaustivit\u00e9 ni leur absence totale d&#8217;erreur. L&#8217;utilisateur reste seul responsable de l&#8217;usage qu&#8217;il fait de ces informations.<\/p>\n\n\n\n<h2 class=\"wp-block-heading\">Donn\u00e9es personnelles<\/h2>\n\n\n\n<p>Les modalit\u00e9s de traitement des donn\u00e9es personnelles collect\u00e9es via ce site (formulaire de contact notamment) sont d\u00e9taill\u00e9es dans notre&nbsp;Politique de confidentialit\u00e9.<\/p>\n\n\n\n<h2 class=\"wp-block-heading\">Contact<\/h2>\n\n\n\n<p>Pour toute question relative au site, vous pouvez utiliser le formulaire de contact.<\/p>\n","protected":false},"excerpt":{"rendered":"<p>\u00c9diteur du site Ce site est \u00e9dit\u00e9 par : Athenior\u00a0\u2014 Soci\u00e9t\u00e9 par actions simplifi\u00e9eSi\u00e8ge social : 3 sente Louis de Fun\u00e8s, 27200 VernonSIRET : 845 023 506 00015RCS : 845 023 506 R.C.S. EvreuxCapital social : 500,00 \u20acTVA intracommunautaire : FR71845023506 H\u00e9bergement Le site est h\u00e9berg\u00e9 par : OVH2 rue Kellermann &#8211; 59100 Roubaix &#8211; [&hellip;]<\/p>\n","protected":false},"author":1,"featured_media":0,"parent":0,"menu_order":0,"comment_status":"closed","ping_status":"closed","template":"","meta":{"footnotes":""},"class_list":["post-36","page","type-page","status-publish","hentry"],"_links":{"self":[{"href":"https:\/\/athenior.eu\/index.php?rest_route=\/wp\/v2\/pages\/36","targetHints":{"allow":["GET"]}}],"collection":[{"href":"https:\/\/athenior.eu\/index.php?rest_route=\/wp\/v2\/pages"}],"about":[{"href":"https:\/\/athenior.eu\/index.php?rest_route=\/wp\/v2\/types\/page"}],"author":[{"embeddable":true,"href":"https:\/\/athenior.eu\/index.php?rest_route=\/wp\/v2\/users\/1"}],"replies":[{"embeddable":true,"href":"https:\/\/athenior.eu\/index.php?rest_route=%2Fwp%2Fv2%2Fcomments&post=36"}],"version-history":[{"count":3,"href":"https:\/\/athenior.eu\/index.php?rest_route=\/wp\/v2\/pages\/36\/revisions"}],"predecessor-version":[{"id":44,"href":"https:\/\/athenior.eu\/index.php?rest_route=\/wp\/v2\/pages\/36\/revisions\/44"}],"wp:attachment":[{"href":"https:\/\/athenior.eu\/index.php?rest_route=%2Fwp%2Fv2%2Fmedia&parent=36"}],"curies":[{"name":"wp","href":"https:\/\/api.w.org\/{rel}","templated":true}]}}